{"id":3,"date":"2024-06-27T19:58:37","date_gmt":"2024-06-27T19:58:37","guid":{"rendered":"https:\/\/helenaolbertova.com\/?page_id=3"},"modified":"2026-01-08T14:23:28","modified_gmt":"2026-01-08T12:23:28","slug":"privacy-policy","status":"publish","type":"page","link":"https:\/\/helenaolbertova.com\/cs\/home\/privacy-policy\/","title":{"rendered":"Z\u00e1sady ochrany osobn\u00edch \u00fadaj\u016f"},"content":{"rendered":"<div class=\"wp-block-uagb-container uagb-block-f7f3870d alignfull uagb-is-root-container\"><div class=\"uagb-container-inner-blocks-wrap\">\n<div class=\"wp-block-group is-vertical is-layout-flex wp-container-core-group-is-layout-fe9cc265 wp-block-group-is-layout-flex\">\n<div style=\"height:148px\" aria-hidden=\"true\" class=\"wp-block-spacer wp-container-content-63f1c483\"><\/div>\n\n\n\n<h3 class=\"wp-block-heading\"><strong>Z\u00e1sady ochrany osobn\u00edch \u00fadaj\u016f<\/strong><\/h3>\n\n\n\n<p><br><em>Posledn\u00ed aktualizace: 29. b\u0159ezna 2025<\/em><\/p>\n\n\n\n<p><strong>1. \u00davod<\/strong><br>Na webu helenaolbertova.com respektujeme va\u0161e soukrom\u00ed a zavazujeme se chr\u00e1nit va\u0161e osobn\u00ed \u00fadaje v souladu s obecn\u00fdm na\u0159\u00edzen\u00edm EU o ochran\u011b osobn\u00edch \u00fadaj\u016f (GDPR). Tato politika vysv\u011btluje, jak shroma\u017e\u010fujeme, pou\u017e\u00edv\u00e1me a chr\u00e1n\u00edme va\u0161e informace.<\/p>\n\n\n\n<p><strong>2. Shroma\u017e\u010fov\u00e1n\u00ed \u00fadaj\u016f<\/strong><br>Shroma\u017e\u010fujeme pouze informace, kter\u00e9 n\u00e1m dobrovoln\u011b poskytnete prost\u0159ednictv\u00edm na\u0161eho kontaktn\u00edho formul\u00e1\u0159e. Pat\u0159\u00ed mezi n\u011b va\u0161e jm\u00e9no, e-mailov\u00e1 adresa a jak\u00e9koli dal\u0161\u00ed \u00fadaje, kter\u00e9 se rozhodnete sd\u00edlet. Zaslan\u00e9 informace jsou p\u0159en\u00e1\u0161eny p\u0159\u00edmo na na\u0161i e-mailovou adresu a nejsou ukl\u00e1d\u00e1ny do datab\u00e1ze.<\/p>\n\n\n\n<p><strong>3. Pr\u00e1vn\u00ed z\u00e1klad pro zpracov\u00e1n\u00ed<\/strong><br>Va\u0161e osobn\u00ed \u00fadaje zpracov\u00e1v\u00e1me v\u00fdhradn\u011b na z\u00e1klad\u011b va\u0161eho souhlasu. Pou\u017eit\u00edm na\u0161eho kontaktn\u00edho formul\u00e1\u0159e souhlas\u00edte se zpracov\u00e1n\u00edm va\u0161ich \u00fadaj\u016f za \u00fa\u010delem zodpov\u011bzen\u00ed va\u0161eho dotazu.<\/p>\n\n\n\n<p><strong>4. Pou\u017eit\u00ed \u00fadaj\u016f<\/strong><br>Va\u0161e osobn\u00ed \u00fadaje jsou pou\u017e\u00edv\u00e1ny v\u00fdhradn\u011b k vy\u0159\u00edzen\u00ed va\u0161ich dotaz\u016f. Va\u0161e \u00fadaje nesd\u00edl\u00edme, neprod\u00e1v\u00e1me ani nepou\u017e\u00edv\u00e1me k \u017e\u00e1dn\u00fdm jin\u00fdm \u00fa\u010del\u016fm.<\/p>\n\n\n\n<p><strong>5. Uchov\u00e1v\u00e1n\u00ed \u00fadaj\u016f<\/strong><br>Va\u0161e \u00fadaje uchov\u00e1v\u00e1me pouze po dobu nezbytnou k vy\u0159\u00edzen\u00ed Va\u0161eho dotazu. Jakmile bude V\u00e1\u0161 dotaz vy\u0159\u00edzen, Va\u0161e \u00fadaje budou smaz\u00e1ny.<\/p>\n\n\n\n<p><strong>6. Va\u0161e pr\u00e1va<\/strong><br>Podle GDPR m\u00e1te pr\u00e1vo:<\/p>\n\n\n\n<ul class=\"wp-block-list\">\n<li style=\"padding-right:var(--wp--preset--spacing--60);padding-left:var(--wp--preset--spacing--60)\"><strong>P\u0159\u00edstup<\/strong> k va\u0161im osobn\u00edm \u00fadaj\u016fm.<\/li>\n\n\n\n<li style=\"padding-right:var(--wp--preset--spacing--60);padding-left:var(--wp--preset--spacing--60)\"><strong>Opravit<\/strong> jak\u00e9koli nep\u0159esnosti ve sv\u00fdch \u00fadaj\u00edch.<\/li>\n\n\n\n<li style=\"padding-right:var(--wp--preset--spacing--60);padding-left:var(--wp--preset--spacing--60)\"><strong>Vymazat<\/strong> sv\u00e9 \u00fadaje.<\/li>\n\n\n\n<li style=\"padding-right:var(--wp--preset--spacing--60);padding-left:var(--wp--preset--spacing--60)\"><strong>Omezit<\/strong> zpracov\u00e1n\u00ed sv\u00fdch \u00fadaj\u016f.<\/li>\n\n\n\n<li style=\"padding-right:var(--wp--preset--spacing--60);padding-left:var(--wp--preset--spacing--60)\"><strong>P\u0159en\u00e9st<\/strong> sv\u00e9 \u00fadaje.<\/li>\n\n\n\n<li style=\"padding-right:var(--wp--preset--spacing--60);padding-left:var(--wp--preset--spacing--60)\"><strong>Vzn\u00e9st n\u00e1mitku<\/strong> proti zpracov\u00e1n\u00ed va\u0161ich \u00fadaj\u016f.<\/li>\n<\/ul>\n\n\n\n<p>Chcete-li uplatnit n\u011bkter\u00e1 z t\u011bchto pr\u00e1v, kontaktujte n\u00e1s pros\u00edm prost\u0159ednictv\u00edm kontaktn\u00edho formul\u00e1\u0159e.<\/p>\n\n\n\n<p><strong>7. Soubory cookie a technologie sledov\u00e1n\u00ed<\/strong><br>Na\u0161e webov\u00e9 str\u00e1nky pou\u017e\u00edvaj\u00ed pouze nezbytn\u00e9 soubory cookie, kter\u00e9 jsou nutn\u00e9 pro jejich z\u00e1kladn\u00ed funk\u010dnost. Nepou\u017e\u00edvaj\u00ed se \u017e\u00e1dn\u00e9 dal\u0161\u00ed technologie pro sledov\u00e1n\u00ed nebo profilov\u00e1n\u00ed.<\/p>\n\n\n\n<p><strong>8. Mezin\u00e1rodn\u00ed p\u0159enosy dat<\/strong><br>Va\u0161e osobn\u00ed \u00fadaje nep\u0159ed\u00e1v\u00e1me mimo Evropskou unii.<\/p>\n\n\n\n<p><strong>9. Kontaktn\u00ed \u00fadaje<\/strong><br>M\u00e1te-li jak\u00e9koli dotazy nebo p\u0159ipom\u00ednky t\u00fdkaj\u00edc\u00ed se t\u011bchto z\u00e1sad ochrany osobn\u00edch \u00fadaj\u016f nebo va\u0161ich osobn\u00edch \u00fadaj\u016f, kontaktujte n\u00e1s pros\u00edm pomoc\u00ed <a href=\"https:\/\/helenaolbertova.com\/cs\/#Contact\">kontaktn\u00edho formul\u00e1\u0159e<\/a> or the following email address:<\/p>\n\n\n\n<figure class=\"wp-block-image size-full is-resized\"><img decoding=\"async\" width=\"374\" height=\"45\" data-src=\"https:\/\/helenaolbertova.com\/wp-content\/uploads\/2026\/01\/image.png\" alt=\"\" class=\"wp-image-1435 lazyload\" style=\"--smush-placeholder-width: 374px; --smush-placeholder-aspect-ratio: 374\/45;aspect-ratio:8.313856215593692;width:247px;height:auto\" data-srcset=\"https:\/\/helenaolbertova.com\/wp-content\/uploads\/2026\/01\/image.png 374w, https:\/\/helenaolbertova.com\/wp-content\/uploads\/2026\/01\/image-300x36.png 300w, https:\/\/helenaolbertova.com\/wp-content\/uploads\/2026\/01\/image-18x2.png 18w\" data-sizes=\"(max-width: 374px) 100vw, 374px\" src=\"data:image\/svg+xml;base64,PHN2ZyB3aWR0aD0iMSIgaGVpZ2h0PSIxIiB4bWxucz0iaHR0cDovL3d3dy53My5vcmcvMjAwMC9zdmciPjwvc3ZnPg==\" \/><\/figure>\n<\/div>\n<\/div><\/div>\n\n\n\n<p><\/p>","protected":false},"excerpt":{"rendered":"<p>Privacy Policy Last updated: 29th March 2025 1. IntroductionAt helenaolbertova.com, we respect your privacy and are committed to protecting your personal data in accordance with the EU General Data Protection Regulation (GDPR). This policy explains how we collect, use, and safeguard your information. 2. Data CollectionWe only collect the information you voluntarily provide via our [&hellip;]<\/p>\n","protected":false},"author":1,"featured_media":0,"parent":263,"menu_order":0,"comment_status":"closed","ping_status":"closed","template":"","meta":{"_uag_custom_page_level_css":"","site-sidebar-layout":"default","site-content-layout":"","ast-site-content-layout":"normal-width-container","site-content-style":"default","site-sidebar-style":"default","ast-global-header-display":"","ast-banner-title-visibility":"","ast-main-header-display":"","ast-hfb-above-header-display":"","ast-hfb-below-header-display":"","ast-hfb-mobile-header-display":"","site-post-title":"","ast-breadcrumbs-content":"","ast-featured-img":"disabled","footer-sml-layout":"","ast-disable-related-posts":"","theme-transparent-header-meta":"","adv-header-id-meta":"","stick-header-meta":"","header-above-stick-meta":"","header-main-stick-meta":"","header-below-stick-meta":"","astra-migrate-meta-layouts":"set","ast-page-background-enabled":"default","ast-page-background-meta":{"desktop":{"background-color":"var(--ast-global-color-4)","background-image":"","background-repeat":"repeat","background-position":"center center","background-size":"auto","background-attachment":"scroll","background-type":"","background-media":"","overlay-type":"","overlay-color":"","overlay-opacity":"","overlay-gradient":""},"tablet":{"background-color":"","background-image":"","background-repeat":"repeat","background-position":"center center","background-size":"auto","background-attachment":"scroll","background-type":"","background-media":"","overlay-type":"","overlay-color":"","overlay-opacity":"","overlay-gradient":""},"mobile":{"background-color":"","background-image":"","background-repeat":"repeat","background-position":"center center","background-size":"auto","background-attachment":"scroll","background-type":"","background-media":"","overlay-type":"","overlay-color":"","overlay-opacity":"","overlay-gradient":""}},"ast-content-background-meta":{"desktop":{"background-color":"var(--ast-global-color-5)","background-image":"","background-repeat":"repeat","background-position":"center center","background-size":"auto","background-attachment":"scroll","background-type":"","background-media":"","overlay-type":"","overlay-color":"","overlay-opacity":"","overlay-gradient":""},"tablet":{"background-color":"var(--ast-global-color-5)","background-image":"","background-repeat":"repeat","background-position":"center center","background-size":"auto","background-attachment":"scroll","background-type":"","background-media":"","overlay-type":"","overlay-color":"","overlay-opacity":"","overlay-gradient":""},"mobile":{"background-color":"var(--ast-global-color-5)","background-image":"","background-repeat":"repeat","background-position":"center center","background-size":"auto","background-attachment":"scroll","background-type":"","background-media":"","overlay-type":"","overlay-color":"","overlay-opacity":"","overlay-gradient":""}},"footnotes":""},"class_list":["post-3","page","type-page","status-publish","hentry"],"yoast_head":"<!-- This site is optimized with the Yoast SEO plugin v27.4 - https:\/\/yoast.com\/product\/yoast-seo-wordpress\/ -->\n<title>Privacy Policy - Helena Olbertova IVD Consulting<\/title>\n<meta name=\"robots\" content=\"index, follow, max-snippet:-1, max-image-preview:large, max-video-preview:-1\" \/>\n<link rel=\"canonical\" href=\"https:\/\/helenaolbertova.com\/cs\/home\/privacy-policy\/\" \/>\n<meta property=\"og:locale\" content=\"cs_CZ\" \/>\n<meta property=\"og:type\" content=\"article\" \/>\n<meta property=\"og:title\" content=\"Privacy Policy - Helena Olbertova IVD Consulting\" \/>\n<meta property=\"og:description\" content=\"Privacy Policy Last updated: 29th March 2025 1. IntroductionAt helenaolbertova.com, we respect your privacy and are committed to protecting your personal data in accordance with the EU General Data Protection Regulation (GDPR). This policy explains how we collect, use, and safeguard your information. 2. Data CollectionWe only collect the information you voluntarily provide via our [&hellip;]\" \/>\n<meta property=\"og:url\" content=\"https:\/\/helenaolbertova.com\/cs\/home\/privacy-policy\/\" \/>\n<meta property=\"og:site_name\" content=\"Helena Olbertova IVD Consulting\" \/>\n<meta property=\"article:modified_time\" content=\"2026-01-08T12:23:28+00:00\" \/>\n<meta property=\"og:image\" content=\"https:\/\/helenaolbertova.com\/wp-content\/uploads\/2026\/01\/image.png\" \/>\n\t<meta property=\"og:image:width\" content=\"374\" \/>\n\t<meta property=\"og:image:height\" content=\"45\" \/>\n\t<meta property=\"og:image:type\" content=\"image\/png\" \/>\n<meta name=\"twitter:card\" content=\"summary_large_image\" \/>\n<meta name=\"twitter:label1\" content=\"Odhadovan\u00e1 doba \u010dten\u00ed\" \/>\n\t<meta name=\"twitter:data1\" content=\"2 minuty\" \/>\n<script type=\"application\/ld+json\" class=\"yoast-schema-graph\">{\"@context\":\"https:\\\/\\\/schema.org\",\"@graph\":[{\"@type\":\"WebPage\",\"@id\":\"https:\\\/\\\/helenaolbertova.com\\\/home\\\/privacy-policy\\\/\",\"url\":\"https:\\\/\\\/helenaolbertova.com\\\/home\\\/privacy-policy\\\/\",\"name\":\"Privacy Policy - Helena Olbertova IVD Consulting\",\"isPartOf\":{\"@id\":\"https:\\\/\\\/helenaolbertova.com\\\/#website\"},\"primaryImageOfPage\":{\"@id\":\"https:\\\/\\\/helenaolbertova.com\\\/home\\\/privacy-policy\\\/#primaryimage\"},\"image\":{\"@id\":\"https:\\\/\\\/helenaolbertova.com\\\/home\\\/privacy-policy\\\/#primaryimage\"},\"thumbnailUrl\":\"https:\\\/\\\/helenaolbertova.com\\\/wp-content\\\/uploads\\\/2026\\\/01\\\/image.png\",\"datePublished\":\"2024-06-27T19:58:37+00:00\",\"dateModified\":\"2026-01-08T12:23:28+00:00\",\"breadcrumb\":{\"@id\":\"https:\\\/\\\/helenaolbertova.com\\\/home\\\/privacy-policy\\\/#breadcrumb\"},\"inLanguage\":\"cs\",\"potentialAction\":[{\"@type\":\"ReadAction\",\"target\":[\"https:\\\/\\\/helenaolbertova.com\\\/home\\\/privacy-policy\\\/\"]}]},{\"@type\":\"ImageObject\",\"inLanguage\":\"cs\",\"@id\":\"https:\\\/\\\/helenaolbertova.com\\\/home\\\/privacy-policy\\\/#primaryimage\",\"url\":\"https:\\\/\\\/helenaolbertova.com\\\/wp-content\\\/uploads\\\/2026\\\/01\\\/image.png\",\"contentUrl\":\"https:\\\/\\\/helenaolbertova.com\\\/wp-content\\\/uploads\\\/2026\\\/01\\\/image.png\"},{\"@type\":\"BreadcrumbList\",\"@id\":\"https:\\\/\\\/helenaolbertova.com\\\/home\\\/privacy-policy\\\/#breadcrumb\",\"itemListElement\":[{\"@type\":\"ListItem\",\"position\":1,\"name\":\"Home\",\"item\":\"https:\\\/\\\/helenaolbertova.com\\\/\"},{\"@type\":\"ListItem\",\"position\":2,\"name\":\"Home\",\"item\":\"https:\\\/\\\/helenaolbertova.com\\\/\"},{\"@type\":\"ListItem\",\"position\":3,\"name\":\"Privacy Policy\"}]},{\"@type\":\"WebSite\",\"@id\":\"https:\\\/\\\/helenaolbertova.com\\\/#website\",\"url\":\"https:\\\/\\\/helenaolbertova.com\\\/\",\"name\":\"Helena Olbertova IVD Consulting\",\"description\":\"IVDR Certification, Clinical Evidence, and Global Compliance Support\",\"publisher\":{\"@id\":\"https:\\\/\\\/helenaolbertova.com\\\/#\\\/schema\\\/person\\\/3b4267bbf392c10cbb6a12986c74c483\"},\"potentialAction\":[{\"@type\":\"SearchAction\",\"target\":{\"@type\":\"EntryPoint\",\"urlTemplate\":\"https:\\\/\\\/helenaolbertova.com\\\/?s={search_term_string}\"},\"query-input\":{\"@type\":\"PropertyValueSpecification\",\"valueRequired\":true,\"valueName\":\"search_term_string\"}}],\"inLanguage\":\"cs\"},{\"@type\":[\"Person\",\"Organization\"],\"@id\":\"https:\\\/\\\/helenaolbertova.com\\\/#\\\/schema\\\/person\\\/3b4267bbf392c10cbb6a12986c74c483\",\"name\":\"Helena Olbertova\",\"image\":{\"@type\":\"ImageObject\",\"inLanguage\":\"cs\",\"@id\":\"https:\\\/\\\/helenaolbertova.com\\\/wp-content\\\/uploads\\\/2024\\\/06\\\/Logo_HO.jpg\",\"url\":\"https:\\\/\\\/helenaolbertova.com\\\/wp-content\\\/uploads\\\/2024\\\/06\\\/Logo_HO.jpg\",\"contentUrl\":\"https:\\\/\\\/helenaolbertova.com\\\/wp-content\\\/uploads\\\/2024\\\/06\\\/Logo_HO.jpg\",\"width\":564,\"height\":618,\"caption\":\"Helena Olbertova\"},\"logo\":{\"@id\":\"https:\\\/\\\/helenaolbertova.com\\\/wp-content\\\/uploads\\\/2024\\\/06\\\/Logo_HO.jpg\"},\"description\":\"I am Helena Olbertova, Ph.D., an IVD Regulatory and Clinical Affairs Consultant with a strong background in medical academic research and a proven track record of successful IVD certification projects. Based in the Czech Republic, I work with clients across Europe, and other international markets, providing reliable and professional consulting services. With extensive experience in IVDR certification and a robust background in medical research, I am committed to providing high-quality results. By combining strategic thinking with meticulous attention to detail, I ensure your products meet rigorous certification standards, delivering modern, science-based diagnostic options to patients and hospitals worldwide.\",\"sameAs\":[\"https:\\\/\\\/helenaolbertova.com\",\"www.linkedin.com\\\/in\\\/helena-olbertova-845394118\"]}]}<\/script>\n<!-- \/ Yoast SEO plugin. -->","yoast_head_json":{"title":"Privacy Policy - Helena Olbertova IVD Consulting","robots":{"index":"index","follow":"follow","max-snippet":"max-snippet:-1","max-image-preview":"max-image-preview:large","max-video-preview":"max-video-preview:-1"},"canonical":"https:\/\/helenaolbertova.com\/cs\/home\/privacy-policy\/","og_locale":"cs_CZ","og_type":"article","og_title":"Privacy Policy - Helena Olbertova IVD Consulting","og_description":"Privacy Policy Last updated: 29th March 2025 1. IntroductionAt helenaolbertova.com, we respect your privacy and are committed to protecting your personal data in accordance with the EU General Data Protection Regulation (GDPR). This policy explains how we collect, use, and safeguard your information. 2. Data CollectionWe only collect the information you voluntarily provide via our [&hellip;]","og_url":"https:\/\/helenaolbertova.com\/cs\/home\/privacy-policy\/","og_site_name":"Helena Olbertova IVD Consulting","article_modified_time":"2026-01-08T12:23:28+00:00","og_image":[{"width":374,"height":45,"url":"https:\/\/helenaolbertova.com\/wp-content\/uploads\/2026\/01\/image.png","type":"image\/png"}],"twitter_card":"summary_large_image","twitter_misc":{"Odhadovan\u00e1 doba \u010dten\u00ed":"2 minuty"},"schema":{"@context":"https:\/\/schema.org","@graph":[{"@type":"WebPage","@id":"https:\/\/helenaolbertova.com\/home\/privacy-policy\/","url":"https:\/\/helenaolbertova.com\/home\/privacy-policy\/","name":"Privacy Policy - Helena Olbertova IVD Consulting","isPartOf":{"@id":"https:\/\/helenaolbertova.com\/#website"},"primaryImageOfPage":{"@id":"https:\/\/helenaolbertova.com\/home\/privacy-policy\/#primaryimage"},"image":{"@id":"https:\/\/helenaolbertova.com\/home\/privacy-policy\/#primaryimage"},"thumbnailUrl":"https:\/\/helenaolbertova.com\/wp-content\/uploads\/2026\/01\/image.png","datePublished":"2024-06-27T19:58:37+00:00","dateModified":"2026-01-08T12:23:28+00:00","breadcrumb":{"@id":"https:\/\/helenaolbertova.com\/home\/privacy-policy\/#breadcrumb"},"inLanguage":"cs","potentialAction":[{"@type":"ReadAction","target":["https:\/\/helenaolbertova.com\/home\/privacy-policy\/"]}]},{"@type":"ImageObject","inLanguage":"cs","@id":"https:\/\/helenaolbertova.com\/home\/privacy-policy\/#primaryimage","url":"https:\/\/helenaolbertova.com\/wp-content\/uploads\/2026\/01\/image.png","contentUrl":"https:\/\/helenaolbertova.com\/wp-content\/uploads\/2026\/01\/image.png"},{"@type":"BreadcrumbList","@id":"https:\/\/helenaolbertova.com\/home\/privacy-policy\/#breadcrumb","itemListElement":[{"@type":"ListItem","position":1,"name":"Home","item":"https:\/\/helenaolbertova.com\/"},{"@type":"ListItem","position":2,"name":"Home","item":"https:\/\/helenaolbertova.com\/"},{"@type":"ListItem","position":3,"name":"Privacy Policy"}]},{"@type":"WebSite","@id":"https:\/\/helenaolbertova.com\/#website","url":"https:\/\/helenaolbertova.com\/","name":"Helena Olbertova IVD Consulting","description":"IVDR Certification, Clinical Evidence, and Global Compliance Support","publisher":{"@id":"https:\/\/helenaolbertova.com\/#\/schema\/person\/3b4267bbf392c10cbb6a12986c74c483"},"potentialAction":[{"@type":"SearchAction","target":{"@type":"EntryPoint","urlTemplate":"https:\/\/helenaolbertova.com\/?s={search_term_string}"},"query-input":{"@type":"PropertyValueSpecification","valueRequired":true,"valueName":"search_term_string"}}],"inLanguage":"cs"},{"@type":["Person","Organization"],"@id":"https:\/\/helenaolbertova.com\/#\/schema\/person\/3b4267bbf392c10cbb6a12986c74c483","name":"Helena Olbertova","image":{"@type":"ImageObject","inLanguage":"cs","@id":"https:\/\/helenaolbertova.com\/wp-content\/uploads\/2024\/06\/Logo_HO.jpg","url":"https:\/\/helenaolbertova.com\/wp-content\/uploads\/2024\/06\/Logo_HO.jpg","contentUrl":"https:\/\/helenaolbertova.com\/wp-content\/uploads\/2024\/06\/Logo_HO.jpg","width":564,"height":618,"caption":"Helena Olbertova"},"logo":{"@id":"https:\/\/helenaolbertova.com\/wp-content\/uploads\/2024\/06\/Logo_HO.jpg"},"description":"I am Helena Olbertova, Ph.D., an IVD Regulatory and Clinical Affairs Consultant with a strong background in medical academic research and a proven track record of successful IVD certification projects. Based in the Czech Republic, I work with clients across Europe, and other international markets, providing reliable and professional consulting services. With extensive experience in IVDR certification and a robust background in medical research, I am committed to providing high-quality results. By combining strategic thinking with meticulous attention to detail, I ensure your products meet rigorous certification standards, delivering modern, science-based diagnostic options to patients and hospitals worldwide.","sameAs":["https:\/\/helenaolbertova.com","www.linkedin.com\/in\/helena-olbertova-845394118"]}]}},"uagb_featured_image_src":{"full":false,"thumbnail":false,"medium":false,"medium_large":false,"large":false,"1536x1536":false,"2048x2048":false,"trp-custom-language-flag":false},"uagb_author_info":{"display_name":"Helena Olbertova","author_link":"https:\/\/helenaolbertova.com\/cs\/author\/helenaol\/"},"uagb_comment_info":0,"uagb_excerpt":"Privacy Policy Last updated: 29th March 2025 1. IntroductionAt helenaolbertova.com, we respect your privacy and are committed to protecting your personal data in accordance with the EU General Data Protection Regulation (GDPR). This policy explains how we collect, use, and safeguard your information. 2. Data CollectionWe only collect the information you voluntarily provide via our&hellip;","_links":{"self":[{"href":"https:\/\/helenaolbertova.com\/cs\/wp-json\/wp\/v2\/pages\/3","targetHints":{"allow":["GET"]}}],"collection":[{"href":"https:\/\/helenaolbertova.com\/cs\/wp-json\/wp\/v2\/pages"}],"about":[{"href":"https:\/\/helenaolbertova.com\/cs\/wp-json\/wp\/v2\/types\/page"}],"author":[{"embeddable":true,"href":"https:\/\/helenaolbertova.com\/cs\/wp-json\/wp\/v2\/users\/1"}],"replies":[{"embeddable":true,"href":"https:\/\/helenaolbertova.com\/cs\/wp-json\/wp\/v2\/comments?post=3"}],"version-history":[{"count":10,"href":"https:\/\/helenaolbertova.com\/cs\/wp-json\/wp\/v2\/pages\/3\/revisions"}],"predecessor-version":[{"id":1452,"href":"https:\/\/helenaolbertova.com\/cs\/wp-json\/wp\/v2\/pages\/3\/revisions\/1452"}],"up":[{"embeddable":true,"href":"https:\/\/helenaolbertova.com\/cs\/wp-json\/wp\/v2\/pages\/263"}],"wp:attachment":[{"href":"https:\/\/helenaolbertova.com\/cs\/wp-json\/wp\/v2\/media?parent=3"}],"curies":[{"name":"wp","href":"https:\/\/api.w.org\/{rel}","templated":true}]}}